{"id":565,"date":"2022-05-02T15:58:32","date_gmt":"2022-05-02T15:58:32","guid":{"rendered":"https:\/\/ecommerce.holest.com\/?post_type=product&#038;p=565"},"modified":"2025-12-19T16:30:37","modified_gmt":"2025-12-19T16:30:37","slug":"servis-za-fiskalizaciju-na-sajtovima-esir-vpfr","status":"publish","type":"product","link":"https:\/\/ecommerce.holest.com\/en\/proizvod\/servis-za-fiskalizaciju-na-sajtovima-esir-vpfr\/","title":{"rendered":"Servis za fiskalizaciju na sajtovima ESIR VPFR"},"content":{"rendered":"<hr\/>\n<p><a target='_blank' href='https:\/\/apps.holest.com\/documentation\/woocommerce-fiskalni-servis\/' style='font-weight:bold;font-size:16px;'>Detaljno woo-commerce fiskalizacija&#8230;<\/a><\/p>\n<hr\/>\n<p>Ukoliko Vam treba implementacija na Vasem specificnom sitemu\/ANDROID|IOS aplikaciji Vas IT-jevac moze pogledati\/koristiti ovaj <a target=\"_blank\" href=\"https:\/\/demo.holest.com\/fiscal-api-v1\/\" rel=\"noopener\">Interaktivni implementacioni priru\u010dnik&#8230;<\/a>.<\/p>\n<p>Ovaj dodatak namenjen je web prodavnicama. Njegova uloga je da integrise vas sajt sa ESIR resenjem naseg partnera koji je dalje vezan na VPFR poreske uprave (korisnici, kada su u produkcionom rezimu, dobijaju i pristup samom ESIR-u gde se mogu izvuci svi zakonom propisani dokumenti knjiga izdatih racuna i sl&#8230;).<\/p>\n<p><strong>Kako probati? <\/strong>&#8211; dodatak se isporucuje uz nase platne module (trenutno dostupno samo za WordPress\/WooCommerce). U podesavanjima modula uneti probni PIB 000000000.<\/p>\n<p>Preporucujemo njegovu upotrebu pogotovu ako:<\/p>\n<ul>\n<li>imate puno prodaja pa se vreme koje Vi ili vasi zaposleni utrosite za izradu fiskalnih racuna ili provera tipa &#8220;a sta se sad radi u ovom slucaju&#8221; moze\u00a0 iskoristi na daleko bolji nacin<\/li>\n<li>imate veliku fluktuaciju zaposljenih pa je obuka za baratanje fiskalizacijom problem. Kod ovog dodatka <strong>nema potrebe da vasi zaposleni budu &#8220;previse obuceni&#8221;<\/strong> jer se <strong>za sve akcije sve referencira automatski, dodaju neophodne medju-akcije i njima ostaje samo da &#8220;kliknu&#8221;<\/strong> (ili sajt to cak i onako uradi sam ako je u automatskom rezimu). Potencijalne greske se sprecavaju i ispisuje se koji elementi ne nedostaju ili nisu ispravni.\u00a0 Kod vecine ostalih resenja mozete poslati neisravni racun ili odraditi nepravilan sled akcija\u00a0 jer je opste poznato da servis poreske uprave to ne sprecava sam. Kod ovog resenja se to ne moze desiti.<\/li>\n<\/ul>\n<p><a href=\"https:\/\/ecommerce.holest.com\/wp-content\/uploads\/2022\/05\/fiskalizacija-refundacija.png\"><img loading=\"lazy\" decoding=\"async\" class=\"size-medium wp-image-717 alignleft\" src=\"https:\/\/ecommerce.holest.com\/wp-content\/uploads\/2022\/05\/fiskalizacija-refundacija-300x149.png\" alt=\"\" width=\"300\" height=\"149\" srcset=\"https:\/\/ecommerce.holest.com\/wp-content\/uploads\/2022\/05\/fiskalizacija-refundacija-300x149.png 300w, https:\/\/ecommerce.holest.com\/wp-content\/uploads\/2022\/05\/fiskalizacija-refundacija-1024x510.png 1024w, https:\/\/ecommerce.holest.com\/wp-content\/uploads\/2022\/05\/fiskalizacija-refundacija-768x382.png 768w, https:\/\/ecommerce.holest.com\/wp-content\/uploads\/2022\/05\/fiskalizacija-refundacija-416x207.png 416w, https:\/\/ecommerce.holest.com\/wp-content\/uploads\/2022\/05\/fiskalizacija-refundacija.png 1258w\" sizes=\"auto, (max-width: 300px) 100vw, 300px\" \/><\/a><a href=\"https:\/\/ecommerce.holest.com\/wp-content\/uploads\/2022\/05\/fiskalizacija-podesavanja2.png\"><img loading=\"lazy\" decoding=\"async\" class=\"size-medium wp-image-719 alignleft\" src=\"https:\/\/ecommerce.holest.com\/wp-content\/uploads\/2022\/05\/fiskalizacija-podesavanja2-300x207.png\" alt=\"\" width=\"300\" height=\"207\" srcset=\"https:\/\/ecommerce.holest.com\/wp-content\/uploads\/2022\/05\/fiskalizacija-podesavanja2-300x207.png 300w, https:\/\/ecommerce.holest.com\/wp-content\/uploads\/2022\/05\/fiskalizacija-podesavanja2-1024x706.png 1024w, https:\/\/ecommerce.holest.com\/wp-content\/uploads\/2022\/05\/fiskalizacija-podesavanja2-768x530.png 768w, https:\/\/ecommerce.holest.com\/wp-content\/uploads\/2022\/05\/fiskalizacija-podesavanja2-416x287.png 416w, https:\/\/ecommerce.holest.com\/wp-content\/uploads\/2022\/05\/fiskalizacija-podesavanja2.png 1076w\" sizes=\"auto, (max-width: 300px) 100vw, 300px\" \/><\/a><\/p>\n<p>&nbsp;<\/p>\n<p>&nbsp;<\/p>\n<p>&nbsp;<\/p>\n<p>&nbsp;<\/p>\n<p>&nbsp;<\/p>\n<p>Dodatak ubacuje fiskalni interfejs u administratorski deo sajta.<\/p>\n<p><a href=\"https:\/\/ecommerce.holest.com\/wp-content\/uploads\/2022\/05\/fiskalizacija-order-edit.png\"><img loading=\"lazy\" decoding=\"async\" class=\"size-medium wp-image-720 aligncenter\" src=\"https:\/\/ecommerce.holest.com\/wp-content\/uploads\/2022\/05\/fiskalizacija-order-edit-300x133.png\" alt=\"\" width=\"300\" height=\"133\" srcset=\"https:\/\/ecommerce.holest.com\/wp-content\/uploads\/2022\/05\/fiskalizacija-order-edit-300x133.png 300w, https:\/\/ecommerce.holest.com\/wp-content\/uploads\/2022\/05\/fiskalizacija-order-edit-1024x455.png 1024w, https:\/\/ecommerce.holest.com\/wp-content\/uploads\/2022\/05\/fiskalizacija-order-edit-768x341.png 768w, https:\/\/ecommerce.holest.com\/wp-content\/uploads\/2022\/05\/fiskalizacija-order-edit-416x185.png 416w, https:\/\/ecommerce.holest.com\/wp-content\/uploads\/2022\/05\/fiskalizacija-order-edit.png 1108w\" sizes=\"auto, (max-width: 300px) 100vw, 300px\" \/><\/a><\/p>\n<p>Iako su vam verovatno potrebni samo prodaja i storniranje, sve akcije su podrzane:<\/p>\n<ul>\n<li style=\"list-style-type: none;\">\n<ul>\n<li>Prodaja<\/li>\n<li>Storniranje<\/li>\n<\/ul>\n<\/li>\n<\/ul>\n<p><!--\n \t\n\n<li>Avansni racun (<span style=\"color: #ff0000;\"><em> napomena: iako potpuno funkcionalni, avansni racuni se ne smeju izdavati tokom Juna i Jula 2022 god. zbog administrativnih prepreka<\/em> <\/span>)<\/li>\n\n\n--><\/p>\n<ul>\n<li>Predracun<\/li>\n<li>Kopija<\/li>\n<li>Trening<\/li>\n<\/ul>\n<p><a href=\"https:\/\/ecommerce.holest.com\/wp-content\/uploads\/2022\/05\/fiskalizacija-masovna-akcija.png\"><img loading=\"lazy\" decoding=\"async\" class=\"alignnone size-medium wp-image-724\" src=\"https:\/\/ecommerce.holest.com\/wp-content\/uploads\/2022\/05\/fiskalizacija-masovna-akcija-300x186.png\" alt=\"\" width=\"300\" height=\"186\" srcset=\"https:\/\/ecommerce.holest.com\/wp-content\/uploads\/2022\/05\/fiskalizacija-masovna-akcija-300x186.png 300w, https:\/\/ecommerce.holest.com\/wp-content\/uploads\/2022\/05\/fiskalizacija-masovna-akcija-416x258.png 416w, https:\/\/ecommerce.holest.com\/wp-content\/uploads\/2022\/05\/fiskalizacija-masovna-akcija.png 569w\" sizes=\"auto, (max-width: 300px) 100vw, 300px\" \/><\/a>Fiskalizacija se moze vrsiti automatski &#8211; Vas sajt moze sam krerati fiskalni racun prodaje\/storniranja ili mozete inicirati sve akcije manuelno na &#8220;klik&#8221;.<\/p>\n<p>Racun se moze isporuciti preko mail-a u html ispisu i PDF dokumentu. Moguce je slati posebne mailove ili ubaciti sadrzaj\/prilog u standardne mejlove sa sajta.<\/p>\n<p><a href=\"https:\/\/ecommerce.holest.com\/wp-content\/uploads\/2022\/05\/fiskalizacija-thankyou.png\"><img loading=\"lazy\" decoding=\"async\" class=\"size-medium wp-image-716 alignleft\" src=\"https:\/\/ecommerce.holest.com\/wp-content\/uploads\/2022\/05\/fiskalizacija-thankyou-133x300.png\" alt=\"\" width=\"133\" height=\"300\" srcset=\"https:\/\/ecommerce.holest.com\/wp-content\/uploads\/2022\/05\/fiskalizacija-thankyou-133x300.png 133w, https:\/\/ecommerce.holest.com\/wp-content\/uploads\/2022\/05\/fiskalizacija-thankyou.png 331w\" sizes=\"auto, (max-width: 133px) 100vw, 133px\" \/><\/a><\/p>\n<p>Dodatak se isporucuje u sklopu nasih modula za placanje (gde mu je i prirodno mesto rezidiranja). Posto se moze vrsiti fiskalizacija za sve ostale metode placanja ukoliko ne zelte da koristite i nasu metodu placanja, a zeilite fiskalizaciju onda mozete jednostavno sakriti metodu nasu placanja.<\/p>\n<p><span style=\"color: #ff0000;\">NAPOMENA: moze se vezati na redirect NestPay plugin za WordPress\/WooCommerce platformu (pri \u010demu mo\u017ee da fiskalizuje naru\u0111zbine pla\u0107enje bilo kojom platnom metodom). U sklopu je HolestPay sistem-a (ne naru\u010divati posebno ako je uz HolestPay). Mogu\u0107e su specifi\u010dne integracije sa specijalizovanim sistemima.<\/span><\/p>\n<p><span style=\"text-decoration: underline;\"><strong>Osnovna cena pretplate ukljucuje 700 fiskalnih dokumenata \/ mesec. Posle 700-tog dokumenata u mesecu, kreiranje fiskalnog dokumenta se naplacuje 1 RSD.<\/strong><\/span><\/p>\n<p>ESIR se izvrsava na serveru naseg partnera i u standarnom slucaju nema potrebe ni da znate sta je to osim ako vam je potrebna stampa knjige izdatih racuna ili sl&#8230; Postoji opcija da nas partnera postavi ESIR na vasem internom IT sistemu da bi bio vezan na LPFR. U tom slucaju neophodno je da imate Windows server (racunar) na kome se moze postaviti. U pitanju je .NET\/MS SQL resenje. Upit poslati na office@holest.com<\/p>\n<p><strong>Besplatne licence:<\/strong> na zalosti nismo u mogucnosti da korisnicima koji potpadaju pod standardne kategorije kojima inace izdajemo potpuno besplatne licence na 1 ili 2 godine ponudimo isto u ovom slucaju jer je ovaj sistem realizovan u saradnji sa partnerskom firmom.\u00a0 Umesto toga mozemo da umanjimo pretplatu za 40%. Kategorije: firme osnovane u prethodna 3 meseca sa jednim osnivacem (ili preduzetnik) &#8211; jedna godina. Ukoliko je u tom slucaju takodje osnivac\/preduzetnik zenskog pola 2 godine. Verske\/Humanitarne organizacije (koje nemaju ni najmanju politicku konotaciju\/referencu) &#8211; bez vremenskog ogranicenja.<\/p>\n<p>&nbsp;<\/p>\n<p>&nbsp;<\/p>\n<p>&nbsp;<\/p>\n","protected":false},"excerpt":{"rendered":"<p>includes certified ESIR | automatic, semi-automatic or manunal fiscalization<\/p>\n","protected":false},"featured_media":721,"template":"","meta":{"_hpay_column_layout":"","_hpay_name_price":""},"product_brand":[],"product_cat":[53],"product_tag":[],"class_list":{"0":"post-565","1":"product","2":"type-product","3":"status-publish","4":"has-post-thumbnail","6":"product_cat-fiskalizacija","8":"first","9":"instock","10":"featured","11":"sold-individually","12":"shipping-taxable","13":"purchasable","14":"product-type-variable-subscription","15":"has-default-attributes"},"_links":{"self":[{"href":"https:\/\/ecommerce.holest.com\/en\/wp-json\/wp\/v2\/product\/565","targetHints":{"allow":["GET"]}}],"collection":[{"href":"https:\/\/ecommerce.holest.com\/en\/wp-json\/wp\/v2\/product"}],"about":[{"href":"https:\/\/ecommerce.holest.com\/en\/wp-json\/wp\/v2\/types\/product"}],"wp:featuredmedia":[{"embeddable":true,"href":"https:\/\/ecommerce.holest.com\/en\/wp-json\/wp\/v2\/media\/721"}],"wp:attachment":[{"href":"https:\/\/ecommerce.holest.com\/en\/wp-json\/wp\/v2\/media?parent=565"}],"wp:term":[{"taxonomy":"product_brand","embeddable":true,"href":"https:\/\/ecommerce.holest.com\/en\/wp-json\/wp\/v2\/product_brand?post=565"},{"taxonomy":"product_cat","embeddable":true,"href":"https:\/\/ecommerce.holest.com\/en\/wp-json\/wp\/v2\/product_cat?post=565"},{"taxonomy":"product_tag","embeddable":true,"href":"https:\/\/ecommerce.holest.com\/en\/wp-json\/wp\/v2\/product_tag?post=565"}],"curies":[{"name":"wp","href":"https:\/\/api.w.org\/{rel}","templated":true}]}}